{"id":6101,"date":"2021-10-08T07:33:06","date_gmt":"2021-10-08T07:33:06","guid":{"rendered":"https:\/\/www.cosmic-audio-guide.com\/contact\/"},"modified":"2025-08-06T12:04:40","modified_gmt":"2025-08-06T12:04:40","slug":"kontakt","status":"publish","type":"page","link":"https:\/\/www.cosmic-audio-guide.com\/de\/kontakt\/","title":{"rendered":"Kontakt"},"content":{"rendered":"\t\t<div data-elementor-type=\"wp-page\" data-elementor-id=\"6101\" class=\"elementor elementor-6101\">\n\t\t\t\t<div class=\"elementor-element elementor-element-676f174 e-flex e-con-boxed e-con e-parent\" data-id=\"676f174\" data-element_type=\"container\">\n\t\t\t\t\t<div class=\"e-con-inner\">\n\t\t\t\t<div class=\"elementor-element elementor-element-947dbc7 align-center heading-style-1 elementor-widget elementor-widget-mae-headings\" data-id=\"947dbc7\" data-element_type=\"widget\" data-widget_type=\"mae-headings.default\">\n\t\t\t\t<div class=\"elementor-widget-container\">\n\t\t\t\t\t\t\t<div class=\"master-heading sep-none\">\n\t\t\t\t        \n\t        \n\t        \t        <h2 class=\"main-heading\">Wie d\u00fcrfen wir behilflich sein?<\/h2>\n\t        \n\t        \n\t        \t    <\/div>\n\t    \t\t\t\t<\/div>\n\t\t\t\t<\/div>\n\t\t\t\t\t<\/div>\n\t\t\t\t<\/div>\n\t\t\t\t<section class=\"elementor-section elementor-top-section elementor-element elementor-element-40df0cd elementor-section-boxed elementor-section-height-default elementor-section-height-default\" data-id=\"40df0cd\" data-element_type=\"section\">\n\t\t\t\t\t\t<div class=\"elementor-container elementor-column-gap-default\">\n\t\t\t\t\t<div class=\"elementor-column elementor-col-50 elementor-top-column elementor-element elementor-element-a39c06f\" data-id=\"a39c06f\" data-element_type=\"column\">\n\t\t\t<div class=\"elementor-widget-wrap elementor-element-populated\">\n\t\t\t\t\t\t<div class=\"elementor-element elementor-element-55ba776 align-left icon-position-left icon-has-bg hover-effect-none elementor-widget elementor-widget-mae-icon-box\" data-id=\"55ba776\" data-element_type=\"widget\" data-widget_type=\"mae-icon-box.default\">\n\t\t\t\t<div class=\"elementor-widget-container\">\n\t\t\t\t\t\n        <div class=\"master-icon-box\" >\n                        \n            <div class=\"inner\">\n                <div class=\"icon-wrap\"><div class=\"master-icon\"><i aria-hidden=\"true\" class=\"ci ci-comments1\"><\/i><\/div><\/div>\n                <div class=\"text-wrap\">\n                    <h2 class=\"headline-2\">Allgemeine Anfrage<\/h2><div class=\"desc\">Teilen Sie uns mit, wie wir Ihnen behilflich sein k\u00f6nnen.<\/div>                <\/div>\n            <\/div>\n\n            <div class=\"bg-static\"><\/div>        <\/div>\n\n        \t\t\t\t<\/div>\n\t\t\t\t<\/div>\n\t\t\t\t\t<\/div>\n\t\t<\/div>\n\t\t\t\t<div class=\"elementor-column elementor-col-50 elementor-top-column elementor-element elementor-element-0e966ff\" data-id=\"0e966ff\" data-element_type=\"column\" data-settings=\"{&quot;background_background&quot;:&quot;classic&quot;}\">\n\t\t\t<div class=\"elementor-widget-wrap elementor-element-populated\">\n\t\t\t\t\t\t<div class=\"elementor-element elementor-element-d426931 align-left icon-position-left icon-has-bg hover-effect-none elementor-widget elementor-widget-mae-icon-box\" data-id=\"d426931\" data-element_type=\"widget\" data-widget_type=\"mae-icon-box.default\">\n\t\t\t\t<div class=\"elementor-widget-container\">\n\t\t\t\t\t\n        <div class=\"master-icon-box\" >\n                        \n            <div class=\"inner\">\n                <div class=\"icon-wrap\"><div class=\"master-icon\"><i aria-hidden=\"true\" class=\"ci ci-envelope1\"><\/i><\/div><\/div>\n                <div class=\"text-wrap\">\n                    <h2 class=\"headline-2\">Nachricht<\/h2><div class=\"desc\">Teilen Sie uns gerne alle relevanten Details oder Fragen mit. Je mehr Informationen Sie angeben, desto besser k\u00f6nnen wir Sie unterst\u00fctzen!<\/div>                <\/div>\n            <\/div>\n\n            <div class=\"bg-static\"><\/div>        <\/div>\n\n        \t\t\t\t<\/div>\n\t\t\t\t<\/div>\n\t\t\t\t\t<\/div>\n\t\t<\/div>\n\t\t\t\t\t<\/div>\n\t\t<\/section>\n\t\t\t\t<section class=\"elementor-section elementor-top-section elementor-element elementor-element-a2418a5 elementor-section-stretched elementor-section-boxed elementor-section-height-default elementor-section-height-default\" data-id=\"a2418a5\" data-element_type=\"section\" data-settings=\"{&quot;stretch_section&quot;:&quot;section-stretched&quot;}\">\n\t\t\t\t\t\t<div class=\"elementor-container elementor-column-gap-default\">\n\t\t\t\t\t<div class=\"elementor-column elementor-col-100 elementor-top-column elementor-element elementor-element-bdc5c46\" data-id=\"bdc5c46\" data-element_type=\"column\">\n\t\t\t<div class=\"elementor-widget-wrap elementor-element-populated\">\n\t\t\t\t\t\t<div class=\"elementor-element elementor-element-7e61c67 heading-style-1 elementor-widget elementor-widget-mae-headings\" data-id=\"7e61c67\" data-element_type=\"widget\" data-widget_type=\"mae-headings.default\">\n\t\t\t\t<div class=\"elementor-widget-container\">\n\t\t\t\t\t\t\t<div class=\"master-heading sep-none\">\n\t\t\t\t        \t        \t<div class=\"pre-heading\"><span class=\"line\"><span class=\"inner\"><\/span><\/span>Kontaktieren Sie uns<\/div>\n\t        \n\t        \n\t        \t        <h2 class=\"main-heading\">Wir freuen uns auf Ihre Nachricht!<\/h2>\n\t        \n\t        \n\t        \t            <div class=\"sub-heading\">Ob Frage, Anliegen oder Interesse an unseren Services \u2013 wir sind f\u00fcr Sie da und helfen gerne weiter!<\/div>\n\t        \t    <\/div>\n\t    \t\t\t\t<\/div>\n\t\t\t\t<\/div>\n\t\t\t\t<div class=\"elementor-element elementor-element-b3edddd cf7-style-1 elementor-widget elementor-widget-mae-contact-form-7\" data-id=\"b3edddd\" data-element_type=\"widget\" data-widget_type=\"mae-contact-form-7.default\">\n\t\t\t\t<div class=\"elementor-widget-container\">\n\t\t\t\t\t<div class=\"elementor-shortcode izeetak-cf7-0\">\n<div class=\"wpcf7 no-js\" id=\"wpcf7-f6664-o1\" lang=\"en-US\" dir=\"ltr\" data-wpcf7-id=\"6664\">\n<div class=\"screen-reader-response\"><p role=\"status\" aria-live=\"polite\" aria-atomic=\"true\"><\/p> <ul><\/ul><\/div>\n<form action=\"\/de\/wp-json\/wp\/v2\/pages\/6101#wpcf7-f6664-o1\" method=\"post\" class=\"wpcf7-form init\" aria-label=\"Contact form\" novalidate=\"novalidate\" data-status=\"init\">\n<fieldset class=\"hidden-fields-container\"><input type=\"hidden\" name=\"_wpcf7\" value=\"6664\" \/><input type=\"hidden\" name=\"_wpcf7_version\" value=\"6.1.1\" \/><input type=\"hidden\" name=\"_wpcf7_locale\" value=\"en_US\" \/><input type=\"hidden\" name=\"_wpcf7_unit_tag\" value=\"wpcf7-f6664-o1\" \/><input type=\"hidden\" name=\"_wpcf7_container_post\" value=\"0\" \/><input type=\"hidden\" name=\"_wpcf7_posted_data_hash\" value=\"\" \/>\n<\/fieldset>\n<label>\n  Vor- und Nachname <span class=\"wpcf7-form-control-wrap\" data-name=\"your-name\"><input size=\"40\" maxlength=\"400\" class=\"wpcf7-form-control wpcf7-text wpcf7-validates-as-required\" aria-required=\"true\" aria-invalid=\"false\" placeholder=\"Bitte geben Sie Ihren vollst\u00e4ndigen Namen an, damit wir Sie pers\u00f6nlich unterst\u00fctzen k\u00f6nnen.\" value=\"\" type=\"text\" name=\"your-name\" \/><\/span>\n<\/label>\n<label>\n  Firmenname <span class=\"wpcf7-form-control-wrap\" data-name=\"company-name\"><input size=\"40\" maxlength=\"400\" class=\"wpcf7-form-control wpcf7-text wpcf7-validates-as-required\" aria-required=\"true\" aria-invalid=\"false\" placeholder=\"Bitte geben Sie den Namen Ihres Unternehmens ein, um Ihnen gezielt helfen zu k\u00f6nnen.\" value=\"\" type=\"text\" name=\"company-name\" \/><\/span>\n<\/label>\n\n<label>\n  E-Mail <span class=\"wpcf7-form-control-wrap\" data-name=\"your-email\"><input size=\"40\" maxlength=\"400\" class=\"wpcf7-form-control wpcf7-email wpcf7-validates-as-required wpcf7-text wpcf7-validates-as-email\" aria-required=\"true\" aria-invalid=\"false\" placeholder=\"Ihre E-Mail-Adresse wird verwendet, um auf Ihre Anfrage zu antworten.\" value=\"\" type=\"email\" name=\"your-email\" \/><\/span>\n<\/label>\n<label>\n  Telefonnummer (Optional) <span class=\"wpcf7-form-control-wrap\" data-name=\"your-phone\"><input size=\"40\" maxlength=\"400\" class=\"wpcf7-form-control wpcf7-tel wpcf7-text wpcf7-validates-as-tel\" aria-invalid=\"false\" placeholder=\"Teilen Sie uns Ihre Telefonnummer mit, wenn Sie lieber ein Telefongespr\u00e4ch f\u00fchren m\u00f6chten.\" value=\"\" type=\"tel\" name=\"your-phone\" \/><\/span>\n<\/label>\n\n<label>\n  Nachricht\n<span class=\"wpcf7-form-control-wrap\" data-name=\"your-message\"><textarea cols=\"40\" rows=\"10\" maxlength=\"2000\" class=\"wpcf7-form-control wpcf7-textarea\" aria-invalid=\"false\" placeholder=\"Schreiben Sie uns eine Nachricht\" name=\"your-message\"><\/textarea><\/span>\n<\/label>\n\n<input class=\"wpcf7-form-control wpcf7-submit has-spinner\" type=\"submit\" value=\"VERSENDEN\" \/><div class=\"wpcf7-response-output\" aria-hidden=\"true\"><\/div>\n<\/form>\n<\/div>\n<\/div>\t\t\t\t<\/div>\n\t\t\t\t<\/div>\n\t\t\t\t\t<\/div>\n\t\t<\/div>\n\t\t\t\t\t<\/div>\n\t\t<\/section>\n\t\t<div class=\"elementor-element elementor-element-0184fe6 e-flex e-con-boxed e-con e-parent\" data-id=\"0184fe6\" data-element_type=\"container\">\n\t\t\t\t\t<div class=\"e-con-inner\">\n\t\t\t\t<div class=\"elementor-element elementor-element-b6e288a elementor-widget elementor-widget-spacer\" data-id=\"b6e288a\" data-element_type=\"widget\" data-widget_type=\"spacer.default\">\n\t\t\t\t<div class=\"elementor-widget-container\">\n\t\t\t\t\t\t\t<div class=\"elementor-spacer\">\n\t\t\t<div class=\"elementor-spacer-inner\"><\/div>\n\t\t<\/div>\n\t\t\t\t\t\t<\/div>\n\t\t\t\t<\/div>\n\t\t\t\t\t<\/div>\n\t\t\t\t<\/div>\n\t\t\t\t<section class=\"elementor-section elementor-top-section elementor-element elementor-element-8545512 elementor-section-boxed elementor-section-height-default elementor-section-height-default elementor-invisible\" data-id=\"8545512\" data-element_type=\"section\" data-settings=\"{&quot;animation&quot;:&quot;fadeInUp&quot;}\">\n\t\t\t\t\t\t<div class=\"elementor-container elementor-column-gap-default\">\n\t\t\t\t\t<div class=\"elementor-column elementor-col-100 elementor-top-column elementor-element elementor-element-f555f12\" data-id=\"f555f12\" data-element_type=\"column\" data-settings=\"{&quot;background_background&quot;:&quot;classic&quot;}\">\n\t\t\t<div class=\"elementor-widget-wrap elementor-element-populated\">\n\t\t\t\t\t\t<div class=\"elementor-element elementor-element-63564e2 rotating elementor-widget__width-initial elementor-absolute elementor-widget elementor-widget-image\" data-id=\"63564e2\" data-element_type=\"widget\" data-settings=\"{&quot;_position&quot;:&quot;absolute&quot;}\" data-widget_type=\"image.default\">\n\t\t\t\t<div class=\"elementor-widget-container\">\n\t\t\t\t\t\t\t\t\t\t\t\t\t\t\t<img fetchpriority=\"high\" decoding=\"async\" width=\"769\" height=\"679\" src=\"https:\/\/www.cosmic-audio-guide.com\/wp-content\/uploads\/2021\/08\/dots.png\" class=\"attachment-full size-full wp-image-1914\" alt=\"\" srcset=\"https:\/\/www.cosmic-audio-guide.com\/wp-content\/uploads\/2021\/08\/dots.png 769w, https:\/\/www.cosmic-audio-guide.com\/wp-content\/uploads\/2021\/08\/dots-300x265.png 300w\" sizes=\"(max-width: 769px) 100vw, 769px\" \/>\t\t\t\t\t\t\t\t\t\t\t\t\t\t\t<\/div>\n\t\t\t\t<\/div>\n\t\t\t\t<div class=\"elementor-element elementor-element-6f7739f elementor-widget elementor-widget-spacer\" data-id=\"6f7739f\" data-element_type=\"widget\" data-widget_type=\"spacer.default\">\n\t\t\t\t<div class=\"elementor-widget-container\">\n\t\t\t\t\t\t\t<div class=\"elementor-spacer\">\n\t\t\t<div class=\"elementor-spacer-inner\"><\/div>\n\t\t<\/div>\n\t\t\t\t\t\t<\/div>\n\t\t\t\t<\/div>\n\t\t\t\t<section class=\"elementor-section elementor-inner-section elementor-element elementor-element-6123bad elementor-section-content-middle elementor-section-boxed elementor-section-height-default elementor-section-height-default\" data-id=\"6123bad\" data-element_type=\"section\">\n\t\t\t\t\t\t<div class=\"elementor-container elementor-column-gap-default\">\n\t\t\t\t\t<div class=\"elementor-column elementor-col-50 elementor-inner-column elementor-element elementor-element-86cdb31\" data-id=\"86cdb31\" data-element_type=\"column\">\n\t\t\t<div class=\"elementor-widget-wrap elementor-element-populated\">\n\t\t\t\t\t\t<div class=\"elementor-element elementor-element-84cd8ae align-left heading-style-1 elementor-widget elementor-widget-mae-headings\" data-id=\"84cd8ae\" data-element_type=\"widget\" data-widget_type=\"mae-headings.default\">\n\t\t\t\t<div class=\"elementor-widget-container\">\n\t\t\t\t\t\t\t<div class=\"master-heading sep-none\">\n\t\t\t\t        \n\t        \n\t        \t        <h2 class=\"main-heading\">Bleiben Sie auf dem Laufenden<\/h2>\n\t        \n\t        \n\t        \t            <div class=\"sub-heading\">Folgen Sie uns in den sozialen Medien f\u00fcr Neuigkeiten und Updates.<\/div>\n\t        \t    <\/div>\n\t    \t\t\t\t<\/div>\n\t\t\t\t<\/div>\n\t\t\t\t\t<\/div>\n\t\t<\/div>\n\t\t\t\t<div class=\"elementor-column elementor-col-50 elementor-inner-column elementor-element elementor-element-cfa4444\" data-id=\"cfa4444\" data-element_type=\"column\">\n\t\t\t<div class=\"elementor-widget-wrap elementor-element-populated\">\n\t\t\t\t\t\t<div class=\"elementor-element elementor-element-33fafa2 elementor-shape-circle elementor-grid-0 e-grid-align-center elementor-widget elementor-widget-social-icons\" data-id=\"33fafa2\" data-element_type=\"widget\" data-widget_type=\"social-icons.default\">\n\t\t\t\t<div class=\"elementor-widget-container\">\n\t\t\t\t\t\t\t<div class=\"elementor-social-icons-wrapper elementor-grid\">\n\t\t\t\t\t\t\t<span class=\"elementor-grid-item\">\n\t\t\t\t\t<a class=\"elementor-icon elementor-social-icon elementor-social-icon-ci-linkedin-in elementor-repeater-item-abdaac7\" href=\"https:\/\/www.linkedin.com\/company\/cosmic-booking-engine\/\" target=\"_blank\">\n\t\t\t\t\t\t<span class=\"elementor-screen-only\">Ci-linkedin-in<\/span>\n\t\t\t\t\t\t<i aria-hidden=\"true\" class=\"ci ci-linkedin-in\"><\/i>\t\t\t\t\t<\/a>\n\t\t\t\t<\/span>\n\t\t\t\t\t<\/div>\n\t\t\t\t\t\t<\/div>\n\t\t\t\t<\/div>\n\t\t\t\t\t<\/div>\n\t\t<\/div>\n\t\t\t\t\t<\/div>\n\t\t<\/section>\n\t\t\t\t<div class=\"elementor-element elementor-element-424e0a3 elementor-widget elementor-widget-spacer\" data-id=\"424e0a3\" data-element_type=\"widget\" data-widget_type=\"spacer.default\">\n\t\t\t\t<div class=\"elementor-widget-container\">\n\t\t\t\t\t\t\t<div class=\"elementor-spacer\">\n\t\t\t<div class=\"elementor-spacer-inner\"><\/div>\n\t\t<\/div>\n\t\t\t\t\t\t<\/div>\n\t\t\t\t<\/div>\n\t\t\t\t\t<\/div>\n\t\t<\/div>\n\t\t\t\t\t<\/div>\n\t\t<\/section>\n\t\t\t\t<\/div>\n\t\t","protected":false},"excerpt":{"rendered":"<p>Wie d\u00fcrfen wir behilflich sein? Allgemeine Anfrage Teilen Sie uns mit, wie wir Ihnen behilflich sein k\u00f6nnen. Nachricht Teilen Sie uns gerne alle relevanten Details oder Fragen mit. Je mehr Informationen Sie angeben, desto besser k\u00f6nnen wir Sie unterst\u00fctzen! Kontaktieren Sie uns Wir freuen uns auf Ihre Nachricht! Ob Frage,<\/p>\n","protected":false},"author":1,"featured_media":0,"parent":0,"menu_order":0,"comment_status":"closed","ping_status":"closed","template":"","meta":{"footnotes":""},"class_list":["post-6101","page","type-page","status-publish","hentry"],"yoast_head":"<!-- This site is optimized with the Yoast SEO plugin v25.9 - https:\/\/yoast.com\/wordpress\/plugins\/seo\/ -->\n<title>Kontakt - Cosmic Audio Guide<\/title>\n<meta name=\"robots\" content=\"index, follow, max-snippet:-1, max-image-preview:large, max-video-preview:-1\" \/>\n<link rel=\"canonical\" href=\"https:\/\/www.COSMIC-AUDIO-GUIDE.COM\/de\/kontakt\/\" \/>\n<meta property=\"og:locale\" content=\"de_DE\" \/>\n<meta property=\"og:type\" content=\"article\" \/>\n<meta property=\"og:title\" content=\"Kontakt - Cosmic Audio Guide\" \/>\n<meta property=\"og:description\" content=\"Wie d\u00fcrfen wir behilflich sein? Allgemeine Anfrage Teilen Sie uns mit, wie wir Ihnen behilflich sein k\u00f6nnen. Nachricht Teilen Sie uns gerne alle relevanten Details oder Fragen mit. Je mehr Informationen Sie angeben, desto besser k\u00f6nnen wir Sie unterst\u00fctzen! Kontaktieren Sie uns Wir freuen uns auf Ihre Nachricht! Ob Frage,\" \/>\n<meta property=\"og:url\" content=\"https:\/\/www.COSMIC-AUDIO-GUIDE.COM\/de\/kontakt\/\" \/>\n<meta property=\"og:site_name\" content=\"Cosmic Audio Guide\" \/>\n<meta property=\"article:modified_time\" content=\"2025-08-06T12:04:40+00:00\" \/>\n<meta property=\"og:image\" content=\"http:\/\/www.cosmic-audio-guide.com\/wp-content\/uploads\/2021\/08\/dots.png\" \/>\n<meta name=\"twitter:card\" content=\"summary_large_image\" \/>\n<meta name=\"twitter:label1\" content=\"Gesch\u00e4tzte Lesezeit\" \/>\n\t<meta name=\"twitter:data1\" content=\"1\u00a0Minute\" \/>\n<script type=\"application\/ld+json\" class=\"yoast-schema-graph\">{\"@context\":\"https:\/\/schema.org\",\"@graph\":[{\"@type\":\"WebPage\",\"@id\":\"https:\/\/www.COSMIC-AUDIO-GUIDE.COM\/de\/kontakt\/\",\"url\":\"https:\/\/www.COSMIC-AUDIO-GUIDE.COM\/de\/kontakt\/\",\"name\":\"Kontakt - Cosmic Audio Guide\",\"isPartOf\":{\"@id\":\"https:\/\/www.cosmic-audio-guide.com\/#website\"},\"primaryImageOfPage\":{\"@id\":\"https:\/\/www.COSMIC-AUDIO-GUIDE.COM\/de\/kontakt\/#primaryimage\"},\"image\":{\"@id\":\"https:\/\/www.COSMIC-AUDIO-GUIDE.COM\/de\/kontakt\/#primaryimage\"},\"thumbnailUrl\":\"http:\/\/www.cosmic-audio-guide.com\/wp-content\/uploads\/2021\/08\/dots.png\",\"datePublished\":\"2021-10-08T07:33:06+00:00\",\"dateModified\":\"2025-08-06T12:04:40+00:00\",\"breadcrumb\":{\"@id\":\"https:\/\/www.COSMIC-AUDIO-GUIDE.COM\/de\/kontakt\/#breadcrumb\"},\"inLanguage\":\"de\",\"potentialAction\":[{\"@type\":\"ReadAction\",\"target\":[\"https:\/\/www.COSMIC-AUDIO-GUIDE.COM\/de\/kontakt\/\"]}]},{\"@type\":\"ImageObject\",\"inLanguage\":\"de\",\"@id\":\"https:\/\/www.COSMIC-AUDIO-GUIDE.COM\/de\/kontakt\/#primaryimage\",\"url\":\"http:\/\/www.cosmic-audio-guide.com\/wp-content\/uploads\/2021\/08\/dots.png\",\"contentUrl\":\"http:\/\/www.cosmic-audio-guide.com\/wp-content\/uploads\/2021\/08\/dots.png\"},{\"@type\":\"BreadcrumbList\",\"@id\":\"https:\/\/www.COSMIC-AUDIO-GUIDE.COM\/de\/kontakt\/#breadcrumb\",\"itemListElement\":[{\"@type\":\"ListItem\",\"position\":1,\"name\":\"Home\",\"item\":\"https:\/\/www.cosmic-audio-guide.com\/\"},{\"@type\":\"ListItem\",\"position\":2,\"name\":\"Kontakt\"}]},{\"@type\":\"WebSite\",\"@id\":\"https:\/\/www.cosmic-audio-guide.com\/#website\",\"url\":\"https:\/\/www.cosmic-audio-guide.com\/\",\"name\":\"Cosmic Audio Guide\",\"description\":\"\",\"potentialAction\":[{\"@type\":\"SearchAction\",\"target\":{\"@type\":\"EntryPoint\",\"urlTemplate\":\"https:\/\/www.cosmic-audio-guide.com\/?s={search_term_string}\"},\"query-input\":{\"@type\":\"PropertyValueSpecification\",\"valueRequired\":true,\"valueName\":\"search_term_string\"}}],\"inLanguage\":\"de\"}]}<\/script>\n<!-- \/ Yoast SEO plugin. -->","yoast_head_json":{"title":"Kontakt - Cosmic Audio Guide","robots":{"index":"index","follow":"follow","max-snippet":"max-snippet:-1","max-image-preview":"max-image-preview:large","max-video-preview":"max-video-preview:-1"},"canonical":"https:\/\/www.COSMIC-AUDIO-GUIDE.COM\/de\/kontakt\/","og_locale":"de_DE","og_type":"article","og_title":"Kontakt - Cosmic Audio Guide","og_description":"Wie d\u00fcrfen wir behilflich sein? Allgemeine Anfrage Teilen Sie uns mit, wie wir Ihnen behilflich sein k\u00f6nnen. Nachricht Teilen Sie uns gerne alle relevanten Details oder Fragen mit. Je mehr Informationen Sie angeben, desto besser k\u00f6nnen wir Sie unterst\u00fctzen! Kontaktieren Sie uns Wir freuen uns auf Ihre Nachricht! Ob Frage,","og_url":"https:\/\/www.COSMIC-AUDIO-GUIDE.COM\/de\/kontakt\/","og_site_name":"Cosmic Audio Guide","article_modified_time":"2025-08-06T12:04:40+00:00","og_image":[{"url":"http:\/\/www.cosmic-audio-guide.com\/wp-content\/uploads\/2021\/08\/dots.png","type":"","width":"","height":""}],"twitter_card":"summary_large_image","twitter_misc":{"Gesch\u00e4tzte Lesezeit":"1\u00a0Minute"},"schema":{"@context":"https:\/\/schema.org","@graph":[{"@type":"WebPage","@id":"https:\/\/www.COSMIC-AUDIO-GUIDE.COM\/de\/kontakt\/","url":"https:\/\/www.COSMIC-AUDIO-GUIDE.COM\/de\/kontakt\/","name":"Kontakt - Cosmic Audio Guide","isPartOf":{"@id":"https:\/\/www.cosmic-audio-guide.com\/#website"},"primaryImageOfPage":{"@id":"https:\/\/www.COSMIC-AUDIO-GUIDE.COM\/de\/kontakt\/#primaryimage"},"image":{"@id":"https:\/\/www.COSMIC-AUDIO-GUIDE.COM\/de\/kontakt\/#primaryimage"},"thumbnailUrl":"http:\/\/www.cosmic-audio-guide.com\/wp-content\/uploads\/2021\/08\/dots.png","datePublished":"2021-10-08T07:33:06+00:00","dateModified":"2025-08-06T12:04:40+00:00","breadcrumb":{"@id":"https:\/\/www.COSMIC-AUDIO-GUIDE.COM\/de\/kontakt\/#breadcrumb"},"inLanguage":"de","potentialAction":[{"@type":"ReadAction","target":["https:\/\/www.COSMIC-AUDIO-GUIDE.COM\/de\/kontakt\/"]}]},{"@type":"ImageObject","inLanguage":"de","@id":"https:\/\/www.COSMIC-AUDIO-GUIDE.COM\/de\/kontakt\/#primaryimage","url":"http:\/\/www.cosmic-audio-guide.com\/wp-content\/uploads\/2021\/08\/dots.png","contentUrl":"http:\/\/www.cosmic-audio-guide.com\/wp-content\/uploads\/2021\/08\/dots.png"},{"@type":"BreadcrumbList","@id":"https:\/\/www.COSMIC-AUDIO-GUIDE.COM\/de\/kontakt\/#breadcrumb","itemListElement":[{"@type":"ListItem","position":1,"name":"Home","item":"https:\/\/www.cosmic-audio-guide.com\/"},{"@type":"ListItem","position":2,"name":"Kontakt"}]},{"@type":"WebSite","@id":"https:\/\/www.cosmic-audio-guide.com\/#website","url":"https:\/\/www.cosmic-audio-guide.com\/","name":"Cosmic Audio Guide","description":"","potentialAction":[{"@type":"SearchAction","target":{"@type":"EntryPoint","urlTemplate":"https:\/\/www.cosmic-audio-guide.com\/?s={search_term_string}"},"query-input":{"@type":"PropertyValueSpecification","valueRequired":true,"valueName":"search_term_string"}}],"inLanguage":"de"}]}},"_links":{"self":[{"href":"https:\/\/www.cosmic-audio-guide.com\/de\/wp-json\/wp\/v2\/pages\/6101","targetHints":{"allow":["GET"]}}],"collection":[{"href":"https:\/\/www.cosmic-audio-guide.com\/de\/wp-json\/wp\/v2\/pages"}],"about":[{"href":"https:\/\/www.cosmic-audio-guide.com\/de\/wp-json\/wp\/v2\/types\/page"}],"author":[{"embeddable":true,"href":"https:\/\/www.cosmic-audio-guide.com\/de\/wp-json\/wp\/v2\/users\/1"}],"replies":[{"embeddable":true,"href":"https:\/\/www.cosmic-audio-guide.com\/de\/wp-json\/wp\/v2\/comments?post=6101"}],"version-history":[{"count":19,"href":"https:\/\/www.cosmic-audio-guide.com\/de\/wp-json\/wp\/v2\/pages\/6101\/revisions"}],"predecessor-version":[{"id":7164,"href":"https:\/\/www.cosmic-audio-guide.com\/de\/wp-json\/wp\/v2\/pages\/6101\/revisions\/7164"}],"wp:attachment":[{"href":"https:\/\/www.cosmic-audio-guide.com\/de\/wp-json\/wp\/v2\/media?parent=6101"}],"curies":[{"name":"wp","href":"https:\/\/api.w.org\/{rel}","templated":true}]}}